{"id":23,"date":"2023-10-02T14:04:13","date_gmt":"2023-10-02T14:04:13","guid":{"rendered":"https:\/\/substanceuseandmentalhealth.ca\/?page_id=23"},"modified":"2024-04-19T17:37:39","modified_gmt":"2024-04-19T17:37:39","slug":"collaborative-insights-advancing-substance-use-health-and-mental-health-initiatives","status":"publish","type":"page","link":"https:\/\/substanceuseandmentalhealth.ca\/fr\/","title":{"rendered":"Faire avancer ensemble les initiatives en sant\u00e9 mentale et en sant\u00e9 li\u00e9e \u00e0 l\u2019usage de substances"},"content":{"rendered":"<h1 class=\"wp-block-heading\" id=\"col-ins\">Faire avancer ensemble les initiatives en sant\u00e9 mentale et en sant\u00e9 li\u00e9e \u00e0 l\u2019usage de substances <\/h1>\n\n\n\n<p id=\"col-ins\">Compte tenu des liens unissant la sant\u00e9 mentale (SM) et la sant\u00e9 li\u00e9e \u00e0 l\u2019usage de substances (SUS), il est souvent b\u00e9n\u00e9fique d\u2019adopter une approche coh\u00e9rente pour les personnes \u00e0 la recherche de soutien vivant au Canada.<\/p>\n\n\n\n<p>Le Centre canadien sur les d\u00e9pendances et l\u2019usage de substances (CCDUS) a \u00e9t\u00e9 cr\u00e9\u00e9 en 1988 par une loi du Parlement afin de fournir un leadership national ainsi que des analyses et des conseils fond\u00e9s sur des donn\u00e9es probantes pour r\u00e9duire les m\u00e9faits li\u00e9s \u00e0 l\u2019usage de substances au Canada. Fond\u00e9e en 2007, la Commission de la sant\u00e9 mentale du Canada (CSMC) est responsable de la conception et de la diffusion de programmes et d\u2019outils novateurs qui favorisent la sant\u00e9 mentale et le bien-\u00eatre de la population canadienne.<\/p>\n\n\n\n<p>Le CCDUS et la CSMC ont collabor\u00e9 \u00e0 plusieurs projets afin de mieux conna\u00eetre les donn\u00e9es probantes et les bonnes pratiques actuelles en mati\u00e8re de SM, de SUS et de troubles concomitants. Ces projets ont notamment pris la forme d\u2019une revue syst\u00e9matique de la litt\u00e9rature scientifique concernant la prestation de services en SM et en SUS, d\u2019un examen de la litt\u00e9rature grise sur les lignes directrices op\u00e9rationnelles et de mise en \u0153uvre relatives aux services int\u00e9gr\u00e9s en SM et en SUS, et d\u2019une \u00e9tude mettant en lumi\u00e8re le v\u00e9cu et l\u2019expertise des personnes ayant une exp\u00e9rience pass\u00e9e ou pr\u00e9sente des services int\u00e9gr\u00e9s de SM et de SUS au Canada. Les deux organismes ont aussi travaill\u00e9 de concert dans le secteur du cannabis, avec notamment un compte rendu pr\u00e9par\u00e9 au terme d\u2019une rencontre d\u2019\u00e9change des connaissances sur les bienfaits, pr\u00e9judices et risques potentiels du cannabis pour la SM et la SUS.<\/p>\n\n\n\n<p>Vous trouverez sur cette page Web la liste des projets r\u00e9alis\u00e9s et de l\u2019information sur chacun.<\/p>\n\n\n\n<h2 class=\"wp-block-heading\" id=\"exe-sum\"><a href=\"https:\/\/www.ccsa.ca\/fr\/lignes-directrices-operationnelles-pour-la-prestation-de-services-integres-en-sante-mentale-en\">Synth\u00e8se g\u00e9n\u00e9rale : Lignes directrices op\u00e9rationnelles pour la prestation de services int\u00e9gr\u00e9s en sant\u00e9 mentale, en usage de substances et en troubles concomitants<\/a><\/h2>\n\n\n\n<p><br>Synth\u00e8se d\u2019un rapport qui recense et analyse les lignes directrices op\u00e9rationnelles et de mise en \u0153uvre relatives \u00e0 la prestation de services int\u00e9gr\u00e9s en sant\u00e9 mentale, en usage de substances et en troubles concomitants en vigueur au Canada, aux \u00c9tats-Unis, en Europe et dans les pays du Commonwealth de 2017 \u00e0 2022. Les r\u00e9sultats montrent que le nombre de lignes directrices int\u00e9gr\u00e9es a augment\u00e9 au cours des cinq derni\u00e8res ann\u00e9es. La plupart d\u2019entre elles ont une approche ciblant un contexte ou une population, plut\u00f4t qu\u2019un syst\u00e8me. Les lacunes dans l\u2019\u00e9laboration des lignes directrices font ressortir des avenues de recherche et d\u2019\u00e9change des connaissances, principalement en mati\u00e8re de bonnes pratiques, de normes de soins, de planification et de gestion, d\u2019\u00e9valuation des r\u00e9sultats et de compr\u00e9hension des effets de l\u2019int\u00e9gration des soins en contexte intersectionnel.<\/p>\n\n\n\n<p><a href=\"mailto:nsalazar@ccsa.ca\" title=\"Pour demander la version int\u00e9grale du rapport, \u00e9crivez \u00e0 Nina Salazar \u00e0 nsalazar@ccsa.ca.\">Pour demander la version int\u00e9grale du rapport, \u00e9crivez \u00e0 Nina Salazar \u00e0 nsalazar@ccsa.ca.<\/a> <a href=\"mailto:infocsmc@commissionsantementale.ca\"><\/a>.<\/p>\n\n\n\n<h2 class=\"wp-block-heading\" id=\"sum-rep\"><a data-type=\"link\" data-id=\"https:\/\/mentalhealthcommission.ca\/resource\/summary-reportexperience-andexpertise-of-peoplewith-lived-andliving-experienceon-the-integrationof-mental-healthand-substanceuse-health-servicesin-canada\/\" href=\"https:\/\/commissionsantementale.ca\/resource\/rapport-sommaire-experience-et-expertise-des-personnes-ayant-un-savoir-passe-et-present-sur-lintegration-des-services-de-sante-mentale-et-de-sante-liee-a-lusage-de-substances-au-ca\/\">Rapport sommaire : Exp\u00e9rience et expertise des personnes ayant un savoir pass\u00e9 et pr\u00e9sent sur l\u2019int\u00e9gration des services de sant\u00e9 mentale et de sant\u00e9 li\u00e9e \u00e0 l\u2019usage de substances au Canada<\/a><\/h2>\n\n\n\n<p>Les services int\u00e9gr\u00e9s de SM et de SUS sont \u00e9tudi\u00e9s depuis plus de vingt ans, mais il n\u2019existe aucune \u00e9tude r\u00e9cente ou compl\u00e8te avec une m\u00e9thodologie de recherche par les pairs sur la fa\u00e7on dont les personnes qui utilisent ces services vivent l\u2019int\u00e9gration. Pour r\u00e9pondre \u00e0 ce besoin, nous avons charg\u00e9 l\u2019Association communautaire d\u2019entraide par les pairs contre les addictions (ACEPA) d\u2019explorer les exp\u00e9riences, l\u2019expertise et les conseils de personnes ayant une exp\u00e9rience v\u00e9cue ou vivante avec les services int\u00e9gr\u00e9s en SM et en SUS. Le rapport sommaire propose des recommandations politiques et pratiques visant \u00e0 am\u00e9liorer la prestation de ces services, \u00e0 faire correspondre les besoins aux services et \u00e0 mettre en place des mesures incitatives syst\u00e9miques.<\/p>\n\n\n\n<h2 class=\"wp-block-heading\" id=\"tow-sub\"><a href=\"https:\/\/commissionsantementale.ca\/resource\/vers-lintegration-des-services-de-sante-lies-a-lusage-de-substances-et-la-sante-mentale-constats-tires-dune-revue-exploratoire\/\" title=\"Rapport : Vers l\u2019int\u00e9gration des services de sant\u00e9 li\u00e9s \u00e0 l\u2019usage de substances et la sant\u00e9 mentale : constats tir\u00e9s d\u2019une revue exploratoire\">Rapport : Vers l\u2019int\u00e9gration des services de sant\u00e9 li\u00e9s \u00e0 l\u2019usage de substances et la sant\u00e9 mentale : constats tir\u00e9s d\u2019une revue exploratoire<\/a><\/h2>\n\n\n\n<p>Il nous est paru n\u00e9cessaire de r\u00e9pertorier les tendances g\u00e9n\u00e9rales relatives \u00e0 la prestation de services int\u00e9gr\u00e9s en SM et en SUS dans la litt\u00e9rature scientifique, pour la p\u00e9riode de 2018 \u00e0 2021. Cette synth\u00e8se porte sur les nouvelles recherches dans le domaine, notamment les principaux facteurs contraignants et facilitants de l\u2019int\u00e9gration, les principes d\u2019organisation syst\u00e9mique propices \u00e0 l\u2019int\u00e9gration et les conclusions de la revue de la litt\u00e9rature.<\/p>\n\n\n\n<p><a href=\"mailto:infocsmc@commissionsantementale.ca\" title=\"\">Pour demander la version int\u00e9grale de la revue exploratoire, \u00e9crivez \u00e0 infocsmc@commissionsantementale.ca.<\/a> <a href=\"mailto:infocsmc@commissionsantementale.ca\"><\/a>.<br><\/p>\n\n\n\n<h2 class=\"wp-block-heading\" id=\"can-men\"><a href=\"https:\/\/www.ccsa.ca\/fr\/rapport-sommaire-sur-le-cannabis-la-sante-mentale-et-la-sante-liee-lusage-de-substances\" target=\"_blank\" rel=\"noopener\" title=\"\">Compte rendu : Cannabis, sant\u00e9 mentale et sant\u00e9 li\u00e9e \u00e0 l\u2019usage de substances<\/a><\/h2>\n\n\n\n<p><br>Nous avons organis\u00e9 en mars 2023 avec la CSMC une rencontre d\u2019\u00e9change des connaissances sur la recherche sur le cannabis, la sant\u00e9 mentale et la sant\u00e9 li\u00e9e \u00e0 l\u2019usage de substances. Gr\u00e2ce \u00e0 des fonds de Sant\u00e9 Canada, les deux organisations ont pu financer environ 70 \u00e9quipes de recherche, qui se sont pench\u00e9es sur les bienfaits, pr\u00e9judices et risques potentiels du cannabis pour la SM et la SUS. La rencontre de trois jours a r\u00e9uni des \u00e9quipes qui ont pr\u00e9sent\u00e9 les r\u00e9sultats de leurs projets, leurs observations et leurs exp\u00e9riences. Parmi les sujets \u00e9tudi\u00e9s, mentionnons l\u2019influence de la l\u00e9galisation sur les perceptions et les habitudes de consommation, les r\u00e9percussions de la l\u00e9galisation sur la SM et le bien-\u00eatre, le v\u00e9cu exp\u00e9rientiel des groupes en qu\u00eate d\u2019\u00e9quit\u00e9 et bien plus. Le compte rendu r\u00e9sume les constats et th\u00e8mes abord\u00e9s lors de la rencontre et propose des recommandations de futures recherches, politiques et pratiques.<\/p>\n\n\n\n<p><a href=\"mailto:infocsmc@commissionsantementale.ca\" title=\"Pour demander la version int\u00e9grale de la revue exploratoire, \u00e9crivez \u00e0 infocsmc@commissionsantementale.ca.\">Pour demander la version int\u00e9grale de la revue exploratoire, \u00e9crivez \u00e0 infocsmc@commissionsantementale.ca.<\/a> .<\/p>\n\n\n\n<h2 class=\"wp-block-heading\" id=\"int-sui\"><a href=\"https:\/\/www.ccsa.ca\/sites\/default\/files\/2024-03\/Recoupements-entre-lusage-de-substances-et-le-suicide-donnes-probantes-et-points-a-retenir.pdf\" target=\"_blank\" rel=\"noopener\" title=\"Recoupements entre l\u2019usage de substances et le suicide : donn\u00e9es probantes et points \u00e0 retenir\">Recoupements entre l\u2019usage de substances et le suicide : donn\u00e9es probantes et points \u00e0 retenir<\/a><\/h2>\n\n\n\n<p>Examine comment certaines habitudes d\u2019usage de substances peuvent augmenter le risque de suicide. Met en \u00e9vidence des facteurs crois\u00e9s comme le type de substance et la quantit\u00e9 consomm\u00e9e, ainsi que des influences biologiques et sociales. Indique que des groupes tels que les hommes et les personnes \u00e2g\u00e9es peuvent pr\u00e9senter un risque accru de suicide en raison d\u2019in\u00e9galit\u00e9s sociales et de sant\u00e9 qui se recoupent, notamment les traumatismes, les troubles concomitants, la stigmatisation et les difficult\u00e9s d\u2019acc\u00e8s aux soins de sant\u00e9. Propose des approches de pr\u00e9vention et d\u2019intervention susceptibles d\u2019am\u00e9liorer les services et les ressources de soutien, ainsi que des sujets \u00e0 creuser lors de recherches futures.<\/p>\n\n\n\n<h2 class=\"wp-block-heading\"><a href=\"https:\/\/www.ccsa.ca\/sites\/default\/files\/2024-04\/Our-Shared-Future-Cannabis-Networking-Event-Summary-Report-fr.pdf\" title=\"Notre avenir collectif : priorit\u00e9s pour la recherche sur le cannabis \u2013 compte rendu de l\u2019\u00e9v\u00e9nement de r\u00e9seautage sur le cannabis (2024)\">Notre avenir collectif : priorit\u00e9s pour la recherche sur le cannabis \u2013 compte rendu de l\u2019\u00e9v\u00e9nement de r\u00e9seautage sur le cannabis (2024)<\/a><\/h2>\n\n\n\n<p>Compte rendu d\u2019un atelier de r\u00e9seautage et de planification qui a eu lieu en novembre 2023 et a r\u00e9uni des membres d\u2019\u00e9quipes de recherche ayant re\u00e7u des fonds de Sant\u00e9 Canada par l\u2019entremise du Centre canadien sur les d\u00e9pendances et l\u2019usage de substances et de la Commission de la sant\u00e9 mentale du Canada pour \u00e9tudier l\u2019incidence et l\u2019efficacit\u00e9 des politiques, r\u00e9glementations et programmes relatifs au cannabis. Les participants ont notamment discut\u00e9 des lacunes que la recherche devrait aborder \u00e0 l\u2019avenir.<\/p>","protected":false},"excerpt":{"rendered":"<p>Collaborative Insights: Advancing Substance Use Health and Mental Health Initiatives Given the intersections of substance use health (SUH) and mental health (MH), a cohesive approach is often beneficial for people living in Canada who are looking for support. The Canadian Centre on Substance Use and Addiction (CCSA) was established by an act of Parliament in &hellip;<\/p>\n<p class=\"read-more\"> <a class=\"\" href=\"https:\/\/substanceuseandmentalhealth.ca\/fr\/\"> <span class=\"screen-reader-text\">Faire avancer ensemble les initiatives en sant\u00e9 mentale et en sant\u00e9 li\u00e9e \u00e0 l\u2019usage de substances<\/span> Lire la suite\u00a0\u00bb<\/a><\/p>","protected":false},"author":1,"featured_media":0,"parent":0,"menu_order":0,"comment_status":"closed","ping_status":"closed","template":"","meta":{"om_disable_all_campaigns":false,"_monsterinsights_skip_tracking":false,"_monsterinsights_sitenote_active":false,"_monsterinsights_sitenote_note":"","_monsterinsights_sitenote_category":0,"_uf_show_specific_survey":0,"_uf_disable_surveys":false,"site-sidebar-layout":"default","site-content-layout":"","ast-site-content-layout":"","site-content-style":"default","site-sidebar-style":"default","ast-global-header-display":"","ast-banner-title-visibility":"","ast-main-header-display":"","ast-hfb-above-header-display":"","ast-hfb-below-header-display":"","ast-hfb-mobile-header-display":"","site-post-title":"","ast-breadcrumbs-content":"","ast-featured-img":"","footer-sml-layout":"","theme-transparent-header-meta":"","adv-header-id-meta":"","stick-header-meta":"","header-above-stick-meta":"","header-main-stick-meta":"","header-below-stick-meta":"","astra-migrate-meta-layouts":"","footnotes":""},"class_list":["post-23","page","type-page","status-publish","hentry"],"aioseo_notices":[],"_links":{"self":[{"href":"https:\/\/substanceuseandmentalhealth.ca\/fr\/wp-json\/wp\/v2\/pages\/23","targetHints":{"allow":["GET"]}}],"collection":[{"href":"https:\/\/substanceuseandmentalhealth.ca\/fr\/wp-json\/wp\/v2\/pages"}],"about":[{"href":"https:\/\/substanceuseandmentalhealth.ca\/fr\/wp-json\/wp\/v2\/types\/page"}],"author":[{"embeddable":true,"href":"https:\/\/substanceuseandmentalhealth.ca\/fr\/wp-json\/wp\/v2\/users\/1"}],"replies":[{"embeddable":true,"href":"https:\/\/substanceuseandmentalhealth.ca\/fr\/wp-json\/wp\/v2\/comments?post=23"}],"version-history":[{"count":22,"href":"https:\/\/substanceuseandmentalhealth.ca\/fr\/wp-json\/wp\/v2\/pages\/23\/revisions"}],"predecessor-version":[{"id":167,"href":"https:\/\/substanceuseandmentalhealth.ca\/fr\/wp-json\/wp\/v2\/pages\/23\/revisions\/167"}],"wp:attachment":[{"href":"https:\/\/substanceuseandmentalhealth.ca\/fr\/wp-json\/wp\/v2\/media?parent=23"}],"curies":[{"name":"wp","href":"https:\/\/api.w.org\/{rel}","templated":true}]}}